{"id":36,"date":"2024-04-18T19:53:16","date_gmt":"2024-04-18T22:53:16","guid":{"rendered":"https:\/\/jamilelisboa.online\/?page_id=36"},"modified":"2026-02-07T23:09:05","modified_gmt":"2026-02-07T23:09:05","slug":"elementor-36","status":"publish","type":"page","link":"https:\/\/jamilelisboa.online\/","title":{"rendered":"Home"},"content":{"rendered":"\t\t<div data-elementor-type=\"wp-post\" data-elementor-id=\"36\" class=\"elementor elementor-36\" data-elementor-post-type=\"page\">\n\t\t\t\t<a class=\"elementor-element elementor-element-5330e79 e-flex e-con-boxed wpr-particle-no wpr-jarallax-no wpr-parallax-no wpr-sticky-section-no e-con e-parent\" data-id=\"5330e79\" data-element_type=\"container\" data-e-type=\"container\">\n\t\t\t\t\t<div class=\"e-con-inner\">\n\t\t\t\t<div class=\"elementor-element elementor-element-f4b0c12 elementor-widget elementor-widget-image\" data-id=\"f4b0c12\" data-element_type=\"widget\" data-e-type=\"widget\" data-widget_type=\"image.default\">\n\t\t\t\t<div class=\"elementor-widget-container\">\n\t\t\t\t\t\t\t\t\t\t\t\t\t\t\t\t<a href=\"https:\/\/bandaaxebaba.com\">\n\t\t\t\t\t\t\t<img fetchpriority=\"high\" decoding=\"async\" width=\"1024\" height=\"616\" src=\"https:\/\/jamilelisboa.online\/wp-content\/uploads\/2026\/02\/banda-axe-baba-shows-eventos-booking-jamile-lisboa-1024x616.webp\" class=\"attachment-large size-large wp-image-818\" alt=\"Banda Ax\u00e9 Bab\u00e1 reunida em cen\u00e1rio de praia, representando show profissional para eventos, com booking realizado por Jamile Lisboa.\" srcset=\"https:\/\/jamilelisboa.online\/wp-content\/uploads\/2026\/02\/banda-axe-baba-shows-eventos-booking-jamile-lisboa-1024x616.webp 1024w, https:\/\/jamilelisboa.online\/wp-content\/uploads\/2026\/02\/banda-axe-baba-shows-eventos-booking-jamile-lisboa-300x181.webp 300w, https:\/\/jamilelisboa.online\/wp-content\/uploads\/2026\/02\/banda-axe-baba-shows-eventos-booking-jamile-lisboa-768x462.webp 768w, https:\/\/jamilelisboa.online\/wp-content\/uploads\/2026\/02\/banda-axe-baba-shows-eventos-booking-jamile-lisboa.webp 1080w\" sizes=\"(max-width: 1024px) 100vw, 1024px\" \/>\t\t\t\t\t\t\t\t<\/a>\n\t\t\t\t\t\t\t\t\t\t\t\t\t\t\t<\/div>\n\t\t\t\t<\/div>\n\t\t\t\t<div class=\"elementor-element elementor-element-60cff66 elementor-widget elementor-widget-image\" data-id=\"60cff66\" data-element_type=\"widget\" data-e-type=\"widget\" data-widget_type=\"image.default\">\n\t\t\t\t<div class=\"elementor-widget-container\">\n\t\t\t\t\t\t\t\t\t\t\t\t\t\t\t\t<a href=\"https:\/\/livrariadaempreendedora.com\/consultoria\">\n\t\t\t\t\t\t\t<img decoding=\"async\" width=\"1024\" height=\"616\" src=\"https:\/\/jamilelisboa.online\/wp-content\/uploads\/2026\/02\/consultoria-estrategica-jamile-lisboa-negocio-digital-1024x616.webp\" class=\"attachment-large size-large wp-image-782\" alt=\"Jamile Lisboa, estrategista digital, oferecendo consultoria individual para desbloquear neg\u00f3cios digitais com estrat\u00e9gia, foco em vendas e crescimento online.\" srcset=\"https:\/\/jamilelisboa.online\/wp-content\/uploads\/2026\/02\/consultoria-estrategica-jamile-lisboa-negocio-digital-1024x616.webp 1024w, https:\/\/jamilelisboa.online\/wp-content\/uploads\/2026\/02\/consultoria-estrategica-jamile-lisboa-negocio-digital-300x181.webp 300w, https:\/\/jamilelisboa.online\/wp-content\/uploads\/2026\/02\/consultoria-estrategica-jamile-lisboa-negocio-digital-768x462.webp 768w, https:\/\/jamilelisboa.online\/wp-content\/uploads\/2026\/02\/consultoria-estrategica-jamile-lisboa-negocio-digital.webp 1080w\" sizes=\"(max-width: 1024px) 100vw, 1024px\" \/>\t\t\t\t\t\t\t\t<\/a>\n\t\t\t\t\t\t\t\t\t\t\t\t\t\t\t<\/div>\n\t\t\t\t<\/div>\n\t\t\t\t<div class=\"elementor-element elementor-element-b5f52fe elementor-widget elementor-widget-image\" data-id=\"b5f52fe\" data-element_type=\"widget\" data-e-type=\"widget\" data-widget_type=\"image.default\">\n\t\t\t\t<div class=\"elementor-widget-container\">\n\t\t\t\t\t\t\t\t\t\t\t\t\t\t\t\t<a href=\"https:\/\/agenciapontoestrategico.com\">\n\t\t\t\t\t\t\t<img decoding=\"async\" width=\"1024\" height=\"616\" src=\"https:\/\/jamilelisboa.online\/wp-content\/uploads\/2026\/02\/agencia-ponto-estrategico-jamile-lisboa-websites-trafego-pago-1024x616.webp\" class=\"attachment-large size-large wp-image-787\" alt=\"Jamile Lisboa apresentando servi\u00e7os da Ag\u00eancia Ponto Estrat\u00e9gico, com foco em cria\u00e7\u00e3o de websites profissionais, tr\u00e1fego pago e crescimento digital baseado em dados e performance.\" srcset=\"https:\/\/jamilelisboa.online\/wp-content\/uploads\/2026\/02\/agencia-ponto-estrategico-jamile-lisboa-websites-trafego-pago-1024x616.webp 1024w, https:\/\/jamilelisboa.online\/wp-content\/uploads\/2026\/02\/agencia-ponto-estrategico-jamile-lisboa-websites-trafego-pago-300x181.webp 300w, https:\/\/jamilelisboa.online\/wp-content\/uploads\/2026\/02\/agencia-ponto-estrategico-jamile-lisboa-websites-trafego-pago-768x462.webp 768w, https:\/\/jamilelisboa.online\/wp-content\/uploads\/2026\/02\/agencia-ponto-estrategico-jamile-lisboa-websites-trafego-pago.webp 1080w\" sizes=\"(max-width: 1024px) 100vw, 1024px\" \/>\t\t\t\t\t\t\t\t<\/a>\n\t\t\t\t\t\t\t\t\t\t\t\t\t\t\t<\/div>\n\t\t\t\t<\/div>\n\t\t\t\t<div class=\"elementor-element elementor-element-d027bfd elementor-widget elementor-widget-image\" data-id=\"d027bfd\" data-element_type=\"widget\" data-e-type=\"widget\" data-widget_type=\"image.default\">\n\t\t\t\t<div class=\"elementor-widget-container\">\n\t\t\t\t\t\t\t\t\t\t\t\t\t\t\t\t<a href=\"https:\/\/livrariadaempreendedora.com\">\n\t\t\t\t\t\t\t<img loading=\"lazy\" decoding=\"async\" width=\"1024\" height=\"616\" src=\"https:\/\/jamilelisboa.online\/wp-content\/uploads\/2026\/02\/livraria-da-empreendedora-jamile-lisboa-ebooks-cursos-digitais-1024x616.webp\" class=\"attachment-large size-large wp-image-792\" alt=\"Logotipo da Livraria da Empreendedora com destaque para e-books, cursos e recursos digitais para mulheres empreendedoras crescerem no neg\u00f3cio online.\" srcset=\"https:\/\/jamilelisboa.online\/wp-content\/uploads\/2026\/02\/livraria-da-empreendedora-jamile-lisboa-ebooks-cursos-digitais-1024x616.webp 1024w, https:\/\/jamilelisboa.online\/wp-content\/uploads\/2026\/02\/livraria-da-empreendedora-jamile-lisboa-ebooks-cursos-digitais-300x181.webp 300w, https:\/\/jamilelisboa.online\/wp-content\/uploads\/2026\/02\/livraria-da-empreendedora-jamile-lisboa-ebooks-cursos-digitais-768x462.webp 768w, https:\/\/jamilelisboa.online\/wp-content\/uploads\/2026\/02\/livraria-da-empreendedora-jamile-lisboa-ebooks-cursos-digitais.webp 1080w\" sizes=\"(max-width: 1024px) 100vw, 1024px\" \/>\t\t\t\t\t\t\t\t<\/a>\n\t\t\t\t\t\t\t\t\t\t\t\t\t\t\t<\/div>\n\t\t\t\t<\/div>\n\t\t\t\t<div class=\"elementor-element elementor-element-41804ae elementor-widget elementor-widget-image\" data-id=\"41804ae\" data-element_type=\"widget\" data-e-type=\"widget\" data-widget_type=\"image.default\">\n\t\t\t\t<div class=\"elementor-widget-container\">\n\t\t\t\t\t\t\t\t\t\t\t\t\t\t\t\t<a href=\"http:\/\/mentorasaleswomen.pt\">\n\t\t\t\t\t\t\t<img loading=\"lazy\" decoding=\"async\" width=\"1024\" height=\"616\" src=\"https:\/\/jamilelisboa.online\/wp-content\/uploads\/2026\/02\/mentora-sales-women-formacao-digital-mulheres-jamile-lisboa-1024x616.webp\" class=\"attachment-large size-large wp-image-887\" alt=\"Banner da Mentora Sales Women, programa de forma\u00e7\u00e3o criado por Jamile Lisboa para capacitar mulheres a desenvolver carreira digital, criar websites e vender online com autonomia.\" srcset=\"https:\/\/jamilelisboa.online\/wp-content\/uploads\/2026\/02\/mentora-sales-women-formacao-digital-mulheres-jamile-lisboa-1024x616.webp 1024w, https:\/\/jamilelisboa.online\/wp-content\/uploads\/2026\/02\/mentora-sales-women-formacao-digital-mulheres-jamile-lisboa-300x181.webp 300w, https:\/\/jamilelisboa.online\/wp-content\/uploads\/2026\/02\/mentora-sales-women-formacao-digital-mulheres-jamile-lisboa-768x462.webp 768w, https:\/\/jamilelisboa.online\/wp-content\/uploads\/2026\/02\/mentora-sales-women-formacao-digital-mulheres-jamile-lisboa.webp 1080w\" sizes=\"(max-width: 1024px) 100vw, 1024px\" \/>\t\t\t\t\t\t\t\t<\/a>\n\t\t\t\t\t\t\t\t\t\t\t\t\t\t\t<\/div>\n\t\t\t\t<\/div>\n\t\t\t\t<div class=\"elementor-element elementor-element-dd82c5c elementor-widget elementor-widget-image\" data-id=\"dd82c5c\" data-element_type=\"widget\" data-e-type=\"widget\" data-widget_type=\"image.default\">\n\t\t\t\t<div class=\"elementor-widget-container\">\n\t\t\t\t\t\t\t\t\t\t\t\t\t\t\t\t<a href=\"https:\/\/livrariadaempreendedora.com\/ebooks\">\n\t\t\t\t\t\t\t<img loading=\"lazy\" decoding=\"async\" width=\"1024\" height=\"616\" src=\"https:\/\/jamilelisboa.online\/wp-content\/uploads\/2026\/02\/ebooks-planners-livraria-empreendedora-jamile-lisboa-negocio-digital-1024x616.webp\" class=\"attachment-large size-large wp-image-814\" alt=\"Banner promocional de e-books e planners da Livraria da Empreendedora, com materiais pr\u00e1ticos para organizar neg\u00f3cios digitais e melhorar resultados online.\" srcset=\"https:\/\/jamilelisboa.online\/wp-content\/uploads\/2026\/02\/ebooks-planners-livraria-empreendedora-jamile-lisboa-negocio-digital-1024x616.webp 1024w, https:\/\/jamilelisboa.online\/wp-content\/uploads\/2026\/02\/ebooks-planners-livraria-empreendedora-jamile-lisboa-negocio-digital-300x181.webp 300w, https:\/\/jamilelisboa.online\/wp-content\/uploads\/2026\/02\/ebooks-planners-livraria-empreendedora-jamile-lisboa-negocio-digital-768x462.webp 768w, https:\/\/jamilelisboa.online\/wp-content\/uploads\/2026\/02\/ebooks-planners-livraria-empreendedora-jamile-lisboa-negocio-digital.webp 1080w\" sizes=\"(max-width: 1024px) 100vw, 1024px\" \/>\t\t\t\t\t\t\t\t<\/a>\n\t\t\t\t\t\t\t\t\t\t\t\t\t\t\t<\/div>\n\t\t\t\t<\/div>\n\t\t\t\t<div class=\"elementor-element elementor-element-b4fdaea elementor-widget elementor-widget-image\" data-id=\"b4fdaea\" data-element_type=\"widget\" data-e-type=\"widget\" data-widget_type=\"image.default\">\n\t\t\t\t<div class=\"elementor-widget-container\">\n\t\t\t\t\t\t\t\t\t\t\t\t\t\t\t\t<a href=\"https:\/\/livrariadaempreendedora.com\/crmmentora\">\n\t\t\t\t\t\t\t<img loading=\"lazy\" decoding=\"async\" width=\"1024\" height=\"616\" src=\"https:\/\/jamilelisboa.online\/wp-content\/uploads\/2026\/02\/crm-mentora-jamile-lisboa-gestao-leads-automacao-vendas-1024x616.webp\" class=\"attachment-large size-large wp-image-799\" alt=\"Banner do CRM M.E.N.T.O.R.A., sistema inteligente criado por Jamile Lisboa para monitoramento de leads, automa\u00e7\u00e3o de tarefas, organiza\u00e7\u00e3o financeira e aumento de vendas para mulheres empreendedoras.\" srcset=\"https:\/\/jamilelisboa.online\/wp-content\/uploads\/2026\/02\/crm-mentora-jamile-lisboa-gestao-leads-automacao-vendas-1024x616.webp 1024w, https:\/\/jamilelisboa.online\/wp-content\/uploads\/2026\/02\/crm-mentora-jamile-lisboa-gestao-leads-automacao-vendas-300x181.webp 300w, https:\/\/jamilelisboa.online\/wp-content\/uploads\/2026\/02\/crm-mentora-jamile-lisboa-gestao-leads-automacao-vendas-768x462.webp 768w, https:\/\/jamilelisboa.online\/wp-content\/uploads\/2026\/02\/crm-mentora-jamile-lisboa-gestao-leads-automacao-vendas.webp 1080w\" sizes=\"(max-width: 1024px) 100vw, 1024px\" \/>\t\t\t\t\t\t\t\t<\/a>\n\t\t\t\t\t\t\t\t\t\t\t\t\t\t\t<\/div>\n\t\t\t\t<\/div>\n\t\t\t\t\t<\/div>\n\t\t\t\t<\/a>\n\t\t<div class=\"elementor-element elementor-element-6004a70 e-flex e-con-boxed wpr-particle-no wpr-jarallax-no wpr-parallax-no wpr-sticky-section-no e-con e-parent\" data-id=\"6004a70\" data-element_type=\"container\" data-e-type=\"container\" data-settings=\"{&quot;background_background&quot;:&quot;gradient&quot;}\">\n\t\t\t\t\t<div class=\"e-con-inner\">\n\t\t\t\t<div class=\"elementor-element elementor-element-e1ae6cc elementor-widget elementor-widget-heading\" data-id=\"e1ae6cc\" data-element_type=\"widget\" data-e-type=\"widget\" data-widget_type=\"heading.default\">\n\t\t\t\t<div class=\"elementor-widget-container\">\n\t\t\t\t\t<h2 class=\"elementor-heading-title elementor-size-default\">| Booking exclusivo Banda Ax\u00e9 Bab\u00e1 | <br \/> Estrat\u00e9gia Digital &amp; Execu\u00e7\u00e3o que d\u00e1 resultado <\/h2>\t\t\t\t<\/div>\n\t\t\t\t<\/div>\n\t\t\t\t<div class=\"elementor-element elementor-element-7872602 elementor-widget elementor-widget-heading\" data-id=\"7872602\" data-element_type=\"widget\" data-e-type=\"widget\" data-widget_type=\"heading.default\">\n\t\t\t\t<div class=\"elementor-widget-container\">\n\t\t\t\t\t<h2 class=\"elementor-heading-title elementor-size-default\">Websites, tr\u00e1fego e funis com vis\u00e3o estrat\u00e9gica. <\/br> Para neg\u00f3cios que querem presen\u00e7a s\u00f3lida e vendas consistentes.<\/h2>\t\t\t\t<\/div>\n\t\t\t\t<\/div>\n\t\t\t\t<div class=\"elementor-element elementor-element-604a85a elementor-align-center elementor-icon-list--layout-traditional elementor-list-item-link-full_width elementor-widget elementor-widget-icon-list\" data-id=\"604a85a\" data-element_type=\"widget\" data-e-type=\"widget\" data-widget_type=\"icon-list.default\">\n\t\t\t\t<div class=\"elementor-widget-container\">\n\t\t\t\t\t\t\t<ul class=\"elementor-icon-list-items\">\n\t\t\t\t\t\t\t<li class=\"elementor-icon-list-item\">\n\t\t\t\t\t\t\t\t\t\t\t<a href=\"https:\/\/wa.link\/mvh1yv\">\n\n\t\t\t\t\t\t\t\t\t\t\t\t<span class=\"elementor-icon-list-icon\">\n\t\t\t\t\t\t\t<svg aria-hidden=\"true\" class=\"e-font-icon-svg e-fab-whatsapp\" viewBox=\"0 0 448 512\" xmlns=\"http:\/\/www.w3.org\/2000\/svg\"><path d=\"M380.9 97.1C339 55.1 283.2 32 223.9 32c-122.4 0-222 99.6-222 222 0 39.1 10.2 77.3 29.6 111L0 480l117.7-30.9c32.4 17.7 68.9 27 106.1 27h.1c122.3 0 224.1-99.6 224.1-222 0-59.3-25.2-115-67.1-157zm-157 341.6c-33.2 0-65.7-8.9-94-25.7l-6.7-4-69.8 18.3L72 359.2l-4.4-7c-18.5-29.4-28.2-63.3-28.2-98.2 0-101.7 82.8-184.5 184.6-184.5 49.3 0 95.6 19.2 130.4 54.1 34.8 34.9 56.2 81.2 56.1 130.5 0 101.8-84.9 184.6-186.6 184.6zm101.2-138.2c-5.5-2.8-32.8-16.2-37.9-18-5.1-1.9-8.8-2.8-12.5 2.8-3.7 5.6-14.3 18-17.6 21.8-3.2 3.7-6.5 4.2-12 1.4-32.6-16.3-54-29.1-75.5-66-5.7-9.8 5.7-9.1 16.3-30.3 1.8-3.7.9-6.9-.5-9.7-1.4-2.8-12.5-30.1-17.1-41.2-4.5-10.8-9.1-9.3-12.5-9.5-3.2-.2-6.9-.2-10.6-.2-3.7 0-9.7 1.4-14.8 6.9-5.1 5.6-19.4 19-19.4 46.3 0 27.3 19.9 53.7 22.6 57.4 2.8 3.7 39.1 59.7 94.8 83.8 35.2 15.2 49 16.5 66.6 13.9 10.7-1.6 32.8-13.4 37.4-26.4 4.6-13 4.6-24.1 3.2-26.4-1.3-2.5-5-3.9-10.5-6.6z\"><\/path><\/svg>\t\t\t\t\t\t<\/span>\n\t\t\t\t\t\t\t\t\t\t<span class=\"elementor-icon-list-text\">Fale diretamente comigo<\/span>\n\t\t\t\t\t\t\t\t\t\t\t<\/a>\n\t\t\t\t\t\t\t\t\t<\/li>\n\t\t\t\t\t\t<\/ul>\n\t\t\t\t\t\t<\/div>\n\t\t\t\t<\/div>\n\t\t\t\t<div class=\"elementor-element elementor-element-de7842b elementor-widget elementor-widget-heading\" data-id=\"de7842b\" data-element_type=\"widget\" data-e-type=\"widget\" data-widget_type=\"heading.default\">\n\t\t\t\t<div class=\"elementor-widget-container\">\n\t\t\t\t\t<h2 class=\"elementor-heading-title elementor-size-default\">\u00a9 2025 Ag\u00eancia Ponto Estrat\u00e9gico <\/br> Todos os direitos reservados.<\/h2>\t\t\t\t<\/div>\n\t\t\t\t<\/div>\n\t\t\t\t\t<\/div>\n\t\t\t\t<\/div>\n\t\t\t\t<\/div>\n\t\t","protected":false},"excerpt":{"rendered":"<p>| Booking exclusivo Banda Ax\u00e9 Bab\u00e1 | Estrat\u00e9gia Digital &amp; Execu\u00e7\u00e3o que d\u00e1 resultado Websites, tr\u00e1fego e funis com vis\u00e3o estrat\u00e9gica. Para neg\u00f3cios que querem presen\u00e7a s\u00f3lida e vendas consistentes. Fale diretamente comigo \u00a9 2025 Ag\u00eancia Ponto Estrat\u00e9gico Todos os direitos reservados.<\/p>\n","protected":false},"author":1,"featured_media":0,"parent":0,"menu_order":0,"comment_status":"closed","ping_status":"closed","template":"","meta":{"footnotes":""},"class_list":["post-36","page","type-page","status-publish","hentry","entry"],"_links":{"self":[{"href":"https:\/\/jamilelisboa.online\/index.php?rest_route=\/wp\/v2\/pages\/36","targetHints":{"allow":["GET"]}}],"collection":[{"href":"https:\/\/jamilelisboa.online\/index.php?rest_route=\/wp\/v2\/pages"}],"about":[{"href":"https:\/\/jamilelisboa.online\/index.php?rest_route=\/wp\/v2\/types\/page"}],"author":[{"embeddable":true,"href":"https:\/\/jamilelisboa.online\/index.php?rest_route=\/wp\/v2\/users\/1"}],"replies":[{"embeddable":true,"href":"https:\/\/jamilelisboa.online\/index.php?rest_route=%2Fwp%2Fv2%2Fcomments&post=36"}],"version-history":[{"count":725,"href":"https:\/\/jamilelisboa.online\/index.php?rest_route=\/wp\/v2\/pages\/36\/revisions"}],"predecessor-version":[{"id":890,"href":"https:\/\/jamilelisboa.online\/index.php?rest_route=\/wp\/v2\/pages\/36\/revisions\/890"}],"wp:attachment":[{"href":"https:\/\/jamilelisboa.online\/index.php?rest_route=%2Fwp%2Fv2%2Fmedia&parent=36"}],"curies":[{"name":"wp","href":"https:\/\/api.w.org\/{rel}","templated":true}]}}